{"id":100,"date":"2019-06-22T15:44:41","date_gmt":"2019-06-22T15:44:41","guid":{"rendered":"https:\/\/erasmusplus.cifpaviles.es\/?page_id=100"},"modified":"2022-01-05T11:52:19","modified_gmt":"2022-01-05T11:52:19","slug":"siguenos-y-contactanos","status":"publish","type":"page","link":"https:\/\/erasmusplus.cifpaviles.es\/en\/siguenos-y-contactanos\/","title":{"rendered":"Follow us and Contact us!!"},"content":{"rendered":"\r\n<p>European Programs Coordinator at &#8220;CIFP Avil\u00e9s&#8221;: M\u00aa Bel\u00e9n \u00c1lvarez Magad\u00e1n<\/p>\r\n\r\n\r\n\r\n<p>English Teacher at CIFP de Avil\u00e9s<\/p>\r\n\r\n\r\n\r\n<p>erasmuscifpaviles@gmail.com<\/p>\r\n\r\n\r\n\r\n<p>Tel\u00e9fono: 985 545322<\/p>\r\n\r\n\r\n\r\n<p>&nbsp;<\/p>\r\n","protected":false},"excerpt":{"rendered":"<p>European Programs Coordinator at &#8220;CIFP Avil\u00e9s&#8221;: M\u00aa Bel\u00e9n \u00c1lvarez Magad\u00e1n English Teacher at CIFP de Avil\u00e9s erasmuscifpaviles@gmail.com Tel\u00e9fono: 985 545322[&#8230;]<\/p>\n","protected":false},"author":1,"featured_media":0,"parent":0,"menu_order":0,"comment_status":"closed","ping_status":"closed","template":"","meta":{"footnotes":""},"class_list":["post-100","page","type-page","status-publish","hentry"],"_links":{"self":[{"href":"https:\/\/erasmusplus.cifpaviles.es\/en\/wp-json\/wp\/v2\/pages\/100","targetHints":{"allow":["GET"]}}],"collection":[{"href":"https:\/\/erasmusplus.cifpaviles.es\/en\/wp-json\/wp\/v2\/pages"}],"about":[{"href":"https:\/\/erasmusplus.cifpaviles.es\/en\/wp-json\/wp\/v2\/types\/page"}],"author":[{"embeddable":true,"href":"https:\/\/erasmusplus.cifpaviles.es\/en\/wp-json\/wp\/v2\/users\/1"}],"replies":[{"embeddable":true,"href":"https:\/\/erasmusplus.cifpaviles.es\/en\/wp-json\/wp\/v2\/comments?post=100"}],"version-history":[{"count":10,"href":"https:\/\/erasmusplus.cifpaviles.es\/en\/wp-json\/wp\/v2\/pages\/100\/revisions"}],"predecessor-version":[{"id":670,"href":"https:\/\/erasmusplus.cifpaviles.es\/en\/wp-json\/wp\/v2\/pages\/100\/revisions\/670"}],"wp:attachment":[{"href":"https:\/\/erasmusplus.cifpaviles.es\/en\/wp-json\/wp\/v2\/media?parent=100"}],"curies":[{"name":"wp","href":"https:\/\/api.w.org\/{rel}","templated":true}]}}